{"id":25251,"date":"2021-07-30T18:35:35","date_gmt":"2021-07-30T18:35:35","guid":{"rendered":"https:\/\/peakuniversity.ca\/faq\/"},"modified":"2022-08-25T12:14:02","modified_gmt":"2022-08-25T17:14:02","slug":"faq","status":"publish","type":"page","link":"https:\/\/peakuniversity.ca\/fr\/faq\/","title":{"rendered":"FAQ"},"content":{"rendered":"\t\t<div data-elementor-type=\"wp-post\" data-elementor-id=\"25251\" class=\"elementor elementor-25251 elementor-25191\" data-elementor-post-type=\"page\">\n\t\t\t\t\t\t<section class=\"elementor-section elementor-top-section elementor-element elementor-element-575d3b2 elementor-section-boxed elementor-section-height-default elementor-section-height-default\" data-id=\"575d3b2\" data-element_type=\"section\" data-e-type=\"section\" data-settings=\"{&quot;background_background&quot;:&quot;classic&quot;}\">\n\t\t\t\t\t\t\t<div class=\"elementor-background-overlay\"><\/div>\n\t\t\t\t\t\t\t<div class=\"elementor-container elementor-column-gap-default\">\n\t\t\t\t\t<div class=\"elementor-column elementor-col-100 elementor-top-column elementor-element elementor-element-cd88a9d\" data-id=\"cd88a9d\" data-element_type=\"column\" data-e-type=\"column\">\n\t\t\t<div class=\"elementor-widget-wrap elementor-element-populated\">\n\t\t\t\t\t\t<div class=\"elementor-element elementor-element-19faae1 elementor-widget elementor-widget-image-box\" data-id=\"19faae1\" data-element_type=\"widget\" data-e-type=\"widget\" data-widget_type=\"image-box.default\">\n\t\t\t\t<div class=\"elementor-widget-container\">\n\t\t\t\t\t<div class=\"elementor-image-box-wrapper\"><div class=\"elementor-image-box-content\"><h1 class=\"elementor-image-box-title\">Foire aux questions<\/h1><\/div><\/div>\t\t\t\t<\/div>\n\t\t\t\t<\/div>\n\t\t\t\t\t<\/div>\n\t\t<\/div>\n\t\t\t\t\t<\/div>\n\t\t<\/section>\n\t\t\t\t<section class=\"elementor-section elementor-top-section elementor-element elementor-element-5e0b29c elementor-section-boxed elementor-section-height-default elementor-section-height-default\" data-id=\"5e0b29c\" data-element_type=\"section\" data-e-type=\"section\" data-settings=\"{&quot;background_background&quot;:&quot;classic&quot;}\">\n\t\t\t\t\t\t<div class=\"elementor-container elementor-column-gap-default\">\n\t\t\t\t\t<div class=\"elementor-column elementor-col-100 elementor-top-column elementor-element elementor-element-48468417\" data-id=\"48468417\" data-element_type=\"column\" data-e-type=\"column\">\n\t\t\t<div class=\"elementor-widget-wrap elementor-element-populated\">\n\t\t\t\t\t\t<div class=\"elementor-element elementor-element-e6b111f elementor-widget elementor-widget-heading\" data-id=\"e6b111f\" data-element_type=\"widget\" data-e-type=\"widget\" data-widget_type=\"heading.default\">\n\t\t\t\t<div class=\"elementor-widget-container\">\n\t\t\t\t\t<h2 class=\"elementor-heading-title elementor-size-default\">Foire aux questions<\/h2>\t\t\t\t<\/div>\n\t\t\t\t<\/div>\n\t\t\t\t<div class=\"elementor-element elementor-element-3f971d9a elementor-widget elementor-widget-accordion\" data-id=\"3f971d9a\" data-element_type=\"widget\" data-e-type=\"widget\" data-widget_type=\"accordion.default\">\n\t\t\t\t<div class=\"elementor-widget-container\">\n\t\t\t\t\t\t\t<div class=\"elementor-accordion\">\n\t\t\t\t\t\t\t<div class=\"elementor-accordion-item\">\n\t\t\t\t\t<div id=\"elementor-tab-title-1061\" class=\"elementor-tab-title\" data-tab=\"1\" role=\"button\" aria-controls=\"elementor-tab-content-1061\" aria-expanded=\"false\">\n\t\t\t\t\t\t\t\t\t\t\t\t<a class=\"elementor-accordion-title\" tabindex=\"0\">Comment puis-je envoyer mes commentaires ou mes suggestions de formations?<\/a>\n\t\t\t\t\t<\/div>\n\t\t\t\t\t<div id=\"elementor-tab-content-1061\" class=\"elementor-tab-content elementor-clearfix\" data-tab=\"1\" role=\"region\" aria-labelledby=\"elementor-tab-title-1061\"><p>Vous trouverez un onglet Commentaires en haut de PEAK Universit\u00e9. Utilisez ce formulaire pour nous transmettre vos id\u00e9es et commentaires.<\/p><\/div>\n\t\t\t\t<\/div>\n\t\t\t\t\t\t\t<div class=\"elementor-accordion-item\">\n\t\t\t\t\t<div id=\"elementor-tab-title-1062\" class=\"elementor-tab-title\" data-tab=\"2\" role=\"button\" aria-controls=\"elementor-tab-content-1062\" aria-expanded=\"false\">\n\t\t\t\t\t\t\t\t\t\t\t\t<a class=\"elementor-accordion-title\" tabindex=\"0\">Qui a acc\u00e8s \u00e0 PEAK Universit\u00e9?<\/a>\n\t\t\t\t\t<\/div>\n\t\t\t\t\t<div id=\"elementor-tab-content-1062\" class=\"elementor-tab-content elementor-clearfix\" data-tab=\"2\" role=\"region\" aria-labelledby=\"elementor-tab-title-1062\"><p>La plateforme est ouverte \u00e0 tous les conseillers et \u00e0 tous les adjoints. Tout le monde y trouvera des formations et de l&rsquo;information sur les proc\u00e9dures et politiques.<\/p><\/div>\n\t\t\t\t<\/div>\n\t\t\t\t\t\t\t<div class=\"elementor-accordion-item\">\n\t\t\t\t\t<div id=\"elementor-tab-title-1063\" class=\"elementor-tab-title\" data-tab=\"3\" role=\"button\" aria-controls=\"elementor-tab-content-1063\" aria-expanded=\"false\">\n\t\t\t\t\t\t\t\t\t\t\t\t<a class=\"elementor-accordion-title\" tabindex=\"0\">Quel contenu sera disponible sur PEAK Universit\u00e9?<\/a>\n\t\t\t\t\t<\/div>\n\t\t\t\t\t<div id=\"elementor-tab-content-1063\" class=\"elementor-tab-content elementor-clearfix\" data-tab=\"3\" role=\"region\" aria-labelledby=\"elementor-tab-title-1063\"><p>Pour le moment, quelques formations facultative de base sont disponible, ainsi que quelques formations de conformit\u00e9 obligatoires.&nbsp; Nous ajouterons graduellement du contenu jusqu&rsquo;\u00e0 ce que tout le contenu de formation soit h\u00e9berg\u00e9 sur la plateforme.<\/p>\n<p>Les formations obligatoires seront offertes sur la plateforme, qui facilitera le suivi de compl\u00e9tion des formations.<\/p>\n<p>Nous vous invitons \u00e0 nous faire part des contenus qui seraient prioritaires pour vous!<\/p><\/div>\n\t\t\t\t<\/div>\n\t\t\t\t\t\t\t<div class=\"elementor-accordion-item\">\n\t\t\t\t\t<div id=\"elementor-tab-title-1064\" class=\"elementor-tab-title\" data-tab=\"4\" role=\"button\" aria-controls=\"elementor-tab-content-1064\" aria-expanded=\"false\">\n\t\t\t\t\t\t\t\t\t\t\t\t<a class=\"elementor-accordion-title\" tabindex=\"0\">Comment puis-je contacter mon conseiller PACE ou mon formateur?<\/a>\n\t\t\t\t\t<\/div>\n\t\t\t\t\t<div id=\"elementor-tab-content-1064\" class=\"elementor-tab-content elementor-clearfix\" data-tab=\"4\" role=\"region\" aria-labelledby=\"elementor-tab-title-1064\"><p><span style=\"font-family: Barlow; font-size: 11.5pt; font-style: inherit; font-weight: inherit;\">Pour votre conseiller\nPACE, envoyez-lui un courriel directement. Si vous n\u2019\u00eates pas certain de qui\nest votre conseiller PACE, contactez notre \u00e9quipe de service au 514 844 6000 ou\nau&nbsp;<\/span><a href=\"mailto:service@peakgroup.com\" style=\"font-family: Barlow; font-size: 11.5pt; font-style: inherit; font-weight: inherit; background-color: rgb(255, 255, 255);\">service@peakgroup.com<\/a><span style=\"font-family: Barlow; font-size: 11.5pt; font-style: inherit; font-weight: inherit;\">&nbsp;et\nils vous mettront en contact. Les formateurs ne sont pr\u00e9sentement pas\ndisponibles. Veuillez vous r\u00e9f\u00e9rer \u00e0 votre conseiller PACE.<br><\/span><span style=\"font-style: inherit; font-weight: inherit;\"><br>Les formateurs ne sont pr\u00e9sentement pas disponible. Veuillez vous r\u00e9f\u00e9rer \u00e0 votre conseiller PACE.<\/span><br><\/p><\/div>\n\t\t\t\t<\/div>\n\t\t\t\t\t\t\t<div class=\"elementor-accordion-item\">\n\t\t\t\t\t<div id=\"elementor-tab-title-1065\" class=\"elementor-tab-title\" data-tab=\"5\" role=\"button\" aria-controls=\"elementor-tab-content-1065\" aria-expanded=\"false\">\n\t\t\t\t\t\t\t\t\t\t\t\t<a class=\"elementor-accordion-title\" tabindex=\"0\">O\u00f9 puis-je trouver des proc\u00e9dures?<\/a>\n\t\t\t\t\t<\/div>\n\t\t\t\t\t<div id=\"elementor-tab-content-1065\" class=\"elementor-tab-content elementor-clearfix\" data-tab=\"5\" role=\"region\" aria-labelledby=\"elementor-tab-title-1065\"><p class=\"MsoNormal\"><span lang=\"FR-CA\" style=\"font-size: 11.5pt; font-family: Barlow; background-image: initial; background-position: initial; background-size: initial; background-repeat: initial; background-attachment: initial; background-origin: initial; background-clip: initial;\">Les proc\u00e9dures\nd\u00e9taill\u00e9es, \u00e9tape par \u00e9tape seront disponible dans la prochaine version de PEAK\nUniversit\u00e9. Du nouveau contenu sera ajout\u00e9 p\u00e9riodiquement.&nbsp;<o:p><\/o:p><\/span><\/p><\/div>\n\t\t\t\t<\/div>\n\t\t\t\t\t\t\t<div class=\"elementor-accordion-item\">\n\t\t\t\t\t<div id=\"elementor-tab-title-1066\" class=\"elementor-tab-title\" data-tab=\"6\" role=\"button\" aria-controls=\"elementor-tab-content-1066\" aria-expanded=\"false\">\n\t\t\t\t\t\t\t\t\t\t\t\t<a class=\"elementor-accordion-title\" tabindex=\"0\">O\u00f9 puis-je trouver de la formation?<\/a>\n\t\t\t\t\t<\/div>\n\t\t\t\t\t<div id=\"elementor-tab-content-1066\" class=\"elementor-tab-content elementor-clearfix\" data-tab=\"6\" role=\"region\" aria-labelledby=\"elementor-tab-title-1066\"><p>Tous les cours offerts sont disponibles sous la page Mes cours, accessible via le menu du haut. Si vous recherchez un cours sp\u00e9cifique, veuillez utiliser la barre de recherche.\u00a0<\/p><\/div>\n\t\t\t\t<\/div>\n\t\t\t\t\t\t\t<div class=\"elementor-accordion-item\">\n\t\t\t\t\t<div id=\"elementor-tab-title-1067\" class=\"elementor-tab-title\" data-tab=\"7\" role=\"button\" aria-controls=\"elementor-tab-content-1067\" aria-expanded=\"false\">\n\t\t\t\t\t\t\t\t\t\t\t\t<a class=\"elementor-accordion-title\" tabindex=\"0\">O\u00f9 puis-je trouver mes certificats?<\/a>\n\t\t\t\t\t<\/div>\n\t\t\t\t\t<div id=\"elementor-tab-content-1067\" class=\"elementor-tab-content elementor-clearfix\" data-tab=\"7\" role=\"region\" aria-labelledby=\"elementor-tab-title-1067\"><p><span style=\"font-family: Barlow; font-size: 11.5pt; font-style: inherit; font-weight: inherit;\">Vos certificats sont\ndisponibles sur la page Mon compte, accessible via le menu du haut.<br><\/span><span style=\"font-style: inherit; font-weight: inherit;\"><br>Pr\u00e9sentement aucun certificat n&rsquo;est disponible, puisqu&rsquo;aucune des formation courante n&rsquo;en offre. Certaines formations sont en attente d&rsquo;accr\u00e9ditation afin d&rsquo;offrir des unit\u00e9s de formations continus.<\/span><br><\/p><\/div>\n\t\t\t\t<\/div>\n\t\t\t\t\t\t\t<div class=\"elementor-accordion-item\">\n\t\t\t\t\t<div id=\"elementor-tab-title-1068\" class=\"elementor-tab-title\" data-tab=\"8\" role=\"button\" aria-controls=\"elementor-tab-content-1068\" aria-expanded=\"false\">\n\t\t\t\t\t\t\t\t\t\t\t\t<a class=\"elementor-accordion-title\" tabindex=\"0\">Puis-je obtenir des unit\u00e9s de formation continue sur PEAK Universit\u00e9?<\/a>\n\t\t\t\t\t<\/div>\n\t\t\t\t\t<div id=\"elementor-tab-content-1068\" class=\"elementor-tab-content elementor-clearfix\" data-tab=\"8\" role=\"region\" aria-labelledby=\"elementor-tab-title-1068\"><p>Certaines formations vous offriront des unit\u00e9s de formation continue ou un certificat de r\u00e9ussite lorsque vous les aurez compl\u00e9t\u00e9es. Ce sera indiqu\u00e9 dans leur description.<\/p><\/div>\n\t\t\t\t<\/div>\n\t\t\t\t\t\t\t<div class=\"elementor-accordion-item\">\n\t\t\t\t\t<div id=\"elementor-tab-title-1069\" class=\"elementor-tab-title\" data-tab=\"9\" role=\"button\" aria-controls=\"elementor-tab-content-1069\" aria-expanded=\"false\">\n\t\t\t\t\t\t\t\t\t\t\t\t<a class=\"elementor-accordion-title\" tabindex=\"0\">Comment se fait-il que lorsque je termine un cours dans une langue, il reste inachev\u00e9 dans l'autre ?<\/a>\n\t\t\t\t\t<\/div>\n\t\t\t\t\t<div id=\"elementor-tab-content-1069\" class=\"elementor-tab-content elementor-clearfix\" data-tab=\"9\" role=\"region\" aria-labelledby=\"elementor-tab-title-1069\"><p>Nos cours contiennent des liens, des images et des vid\u00e9os qui ne peuvent pas \u00eatre traduits dynamiquement par ordinateur. Pour cette raison, tous les cours et leur contenu sont traduits manuellement et sont consid\u00e9r\u00e9s comme des cours diff\u00e9rents par la plateforme.<\/p><p>Ne vous inqui\u00e9tez pas, si vous compl\u00e9tez un cours en fran\u00e7ais ou en anglais, notre personnel le prend en consid\u00e9ration !<\/p><\/div>\n\t\t\t\t<\/div>\n\t\t\t\t\t\t\t\t<\/div>\n\t\t\t\t\t\t<\/div>\n\t\t\t\t<\/div>\n\t\t\t\t\t<\/div>\n\t\t<\/div>\n\t\t\t\t\t<\/div>\n\t\t<\/section>\n\t\t\t\t<\/div>\n\t\t","protected":false},"excerpt":{"rendered":"<p>Foire aux questions Foire aux questions Comment puis-je envoyer mes commentaires ou mes suggestions de formations? Vous trouverez un onglet Commentaires en haut de PEAK Universit\u00e9. Utilisez ce formulaire pour nous transmettre vos id\u00e9es et commentaires. Qui a acc\u00e8s \u00e0 PEAK Universit\u00e9? La plateforme est ouverte \u00e0 tous les conseillers et \u00e0 tous les adjoints. [&hellip;]<\/p>\n","protected":false},"author":31,"featured_media":0,"parent":0,"menu_order":5,"comment_status":"closed","ping_status":"closed","template":"","meta":{"_acf_changed":false,"inline_featured_image":false,"advgb_blocks_editor_width":"","advgb_blocks_columns_visual_guide":"","site-sidebar-layout":"no-sidebar","site-content-layout":"page-builder","ast-site-content-layout":"","site-content-style":"default","site-sidebar-style":"default","ast-global-header-display":"","ast-banner-title-visibility":"","ast-main-header-display":"","ast-hfb-above-header-display":"","ast-hfb-below-header-display":"","ast-hfb-mobile-header-display":"","site-post-title":"disabled","ast-breadcrumbs-content":"","ast-featured-img":"disabled","footer-sml-layout":"","theme-transparent-header-meta":"enabled","adv-header-id-meta":"","stick-header-meta":"","header-above-stick-meta":"","header-main-stick-meta":"","header-below-stick-meta":"","astra-migrate-meta-layouts":"default","ast-page-background-enabled":"default","ast-page-background-meta":{"desktop":{"background-color":"","background-image":"","background-repeat":"repeat","background-position":"center center","background-size":"auto","background-attachment":"scroll","background-type":"","background-media":"","overlay-type":"","overlay-color":"","overlay-opacity":"","overlay-gradient":""},"tablet":{"background-color":"","background-image":"","background-repeat":"repeat","background-position":"center center","background-size":"auto","background-attachment":"scroll","background-type":"","background-media":"","overlay-type":"","overlay-color":"","overlay-opacity":"","overlay-gradient":""},"mobile":{"background-color":"","background-image":"","background-repeat":"repeat","background-position":"center center","background-size":"auto","background-attachment":"scroll","background-type":"","background-media":"","overlay-type":"","overlay-color":"","overlay-opacity":"","overlay-gradient":""}},"ast-content-background-meta":{"desktop":{"background-color":"var(--ast-global-color-5)","background-image":"","background-repeat":"repeat","background-position":"center center","background-size":"auto","background-attachment":"scroll","background-type":"","background-media":"","overlay-type":"","overlay-color":"","overlay-opacity":"","overlay-gradient":""},"tablet":{"background-color":"var(--ast-global-color-5)","background-image":"","background-repeat":"repeat","background-position":"center center","background-size":"auto","background-attachment":"scroll","background-type":"","background-media":"","overlay-type":"","overlay-color":"","overlay-opacity":"","overlay-gradient":""},"mobile":{"background-color":"var(--ast-global-color-5)","background-image":"","background-repeat":"repeat","background-position":"center center","background-size":"auto","background-attachment":"scroll","background-type":"","background-media":"","overlay-type":"","overlay-color":"","overlay-opacity":"","overlay-gradient":""}},"footnotes":""},"categories":[],"tags":[],"class_list":["post-25251","page","type-page","status-publish","hentry"],"acf":[],"coauthors":[],"author_meta":{"author_link":"https:\/\/peakuniversity.ca\/fr\/author\/philtestpeakgroup-com\/","display_name":"Philippe"},"relative_dates":{"created":"Publi\u00e9 5 ans il y a","modified":"Mis \u00e0 jour 4 ans il y a"},"absolute_dates":{"created":"Publi\u00e9 le 30 juillet 2021","modified":"Mise \u00e0 jour le 25 ao\u00fbt 2022"},"absolute_dates_time":{"created":"Publi\u00e9 le 30 juillet 2021 18h35","modified":"Mise \u00e0 jour le 25 ao\u00fbt 2022 12h14"},"featured_img_caption":"","featured_img":false,"series_order":"","_links":{"self":[{"href":"https:\/\/peakuniversity.ca\/fr\/wp-json\/wp\/v2\/pages\/25251","targetHints":{"allow":["GET"]}}],"collection":[{"href":"https:\/\/peakuniversity.ca\/fr\/wp-json\/wp\/v2\/pages"}],"about":[{"href":"https:\/\/peakuniversity.ca\/fr\/wp-json\/wp\/v2\/types\/page"}],"author":[{"embeddable":true,"href":"https:\/\/peakuniversity.ca\/fr\/wp-json\/wp\/v2\/users\/31"}],"replies":[{"embeddable":true,"href":"https:\/\/peakuniversity.ca\/fr\/wp-json\/wp\/v2\/comments?post=25251"}],"version-history":[{"count":56,"href":"https:\/\/peakuniversity.ca\/fr\/wp-json\/wp\/v2\/pages\/25251\/revisions"}],"predecessor-version":[{"id":39144,"href":"https:\/\/peakuniversity.ca\/fr\/wp-json\/wp\/v2\/pages\/25251\/revisions\/39144"}],"wp:attachment":[{"href":"https:\/\/peakuniversity.ca\/fr\/wp-json\/wp\/v2\/media?parent=25251"}],"wp:term":[{"taxonomy":"category","embeddable":true,"href":"https:\/\/peakuniversity.ca\/fr\/wp-json\/wp\/v2\/categories?post=25251"},{"taxonomy":"post_tag","embeddable":true,"href":"https:\/\/peakuniversity.ca\/fr\/wp-json\/wp\/v2\/tags?post=25251"}],"curies":[{"name":"wp","href":"https:\/\/api.w.org\/{rel}","templated":true}]}}